{"id":148,"date":"2020-04-14T20:08:21","date_gmt":"2020-04-14T20:08:21","guid":{"rendered":"http:\/\/2kanzleien.at\/?page_id=148"},"modified":"2020-10-28T13:32:38","modified_gmt":"2020-10-28T13:32:38","slug":"impressum","status":"publish","type":"page","link":"http:\/\/2kanzleien.at\/?page_id=148","title":{"rendered":"IMPRESSUM"},"content":{"rendered":"\t\t<div data-elementor-type=\"wp-page\" data-elementor-id=\"148\" class=\"elementor elementor-148\" data-elementor-settings=\"[]\">\n\t\t\t\t\t\t<div class=\"elementor-inner\">\n\t\t\t\t\t\t\t<div class=\"elementor-section-wrap\">\n\t\t\t\t\t\t\t<section class=\"elementor-section elementor-top-section elementor-element elementor-element-eb9d95f elementor-section-content-middle elementor-section-stretched elementor-section-boxed elementor-section-height-default elementor-section-height-default\" data-id=\"eb9d95f\" data-element_type=\"section\" data-settings=\"{&quot;stretch_section&quot;:&quot;section-stretched&quot;,&quot;background_background&quot;:&quot;classic&quot;}\">\n\t\t\t\t\t\t<div class=\"elementor-container elementor-column-gap-no\">\n\t\t\t\t\t\t\t<div class=\"elementor-row\">\n\t\t\t\t\t<div class=\"elementor-column elementor-col-100 elementor-top-column elementor-element elementor-element-7adad0c1\" data-id=\"7adad0c1\" data-element_type=\"column\">\n\t\t\t<div class=\"elementor-column-wrap elementor-element-populated\">\n\t\t\t\t\t\t\t<div class=\"elementor-widget-wrap\">\n\t\t\t\t\t\t<div class=\"elementor-element elementor-element-8f72865 elementor-widget elementor-widget-text-editor\" data-id=\"8f72865\" data-element_type=\"widget\" data-widget_type=\"text-editor.default\">\n\t\t\t\t<div class=\"elementor-widget-container\">\n\t\t\t\t\t<div class=\"elementor-text-editor elementor-clearfix\"><p>Mag. Erika-Bernhard Weindl, Bilanzbuchhalterin<\/p><\/div>\n\t\t\t\t<\/div>\n\t\t\t\t<\/div>\n\t\t\t\t<div class=\"elementor-element elementor-element-573042d5 elementor-widget elementor-widget-text-editor\" data-id=\"573042d5\" data-element_type=\"widget\" data-widget_type=\"text-editor.default\">\n\t\t\t\t<div class=\"elementor-widget-container\">\n\t\t\t\t\t<div class=\"elementor-text-editor elementor-clearfix\"><p class=\"MsoNormal\"><span style=\"font-family: 'Open Sans', serif; font-size: 1rem;\">Hauptstra\u00dfe 70b<\/span><\/p><p class=\"MsoNormal\"><span style=\"font-family: 'Open Sans',serif;\">A-2371 Hinterbr\u00fchl <\/span><\/p><p class=\"MsoNormal\"><span style=\"font-family: 'Open Sans',serif;\">Tel.\/Fax: +43 2236\/865829\/21<\/span><\/p><p class=\"MsoNormal\"><span style=\"font-family: 'Open Sans',serif;\">e-mail: erika.bernhard@2kanzleien .at<\/span><\/p><p class=\"MsoNormal\"><span style=\"font-family: 'Open Sans',serif;\">UID-Nummer: ATU59998444<\/span><\/p><p class=\"MsoNormal\"><span style=\"font-family: 'Open Sans',serif;\">Mitglied der Wirtschaftskammer<\/span><\/p><p class=\"MsoNormal\"><span style=\"font-family: 'Open Sans',serif;\">\u00a0<\/span><\/p><p class=\"MsoNormal\"><span style=\"font-family: 'Open Sans',serif;\">Bankverbindungen<\/span><\/p><p class=\"MsoNormal\"><span style=\"font-family: 'Open Sans',serif;\">Bank Austria <\/span><\/p><p class=\"MsoNormal\"><span style=\"font-family: 'Open Sans',serif;\">IBAN: AT57 1200 0007 9502 3563<\/span><\/p><p class=\"MsoNormal\"><span style=\"font-family: 'Open Sans',serif;\">Raika M\u00f6dling<\/span><\/p><p class=\"MsoNormal\"><span style=\"font-family: 'Open Sans',serif;\">IBAN: AT96 3225 0000 0110 8240<\/span><\/p><\/div>\n\t\t\t\t<\/div>\n\t\t\t\t<\/div>\n\t\t\t\t\t\t<\/div>\n\t\t\t\t\t<\/div>\n\t\t<\/div>\n\t\t\t\t\t\t\t\t<\/div>\n\t\t\t\t\t<\/div>\n\t\t<\/section>\n\t\t\t\t<section class=\"elementor-section elementor-top-section elementor-element elementor-element-67e5834 elementor-section-boxed elementor-section-height-default elementor-section-height-default\" data-id=\"67e5834\" data-element_type=\"section\">\n\t\t\t\t\t\t<div class=\"elementor-container elementor-column-gap-default\">\n\t\t\t\t\t\t\t<div class=\"elementor-row\">\n\t\t\t\t\t<div class=\"elementor-column elementor-col-100 elementor-top-column elementor-element elementor-element-c5255cf\" data-id=\"c5255cf\" data-element_type=\"column\">\n\t\t\t<div class=\"elementor-column-wrap elementor-element-populated\">\n\t\t\t\t\t\t\t<div class=\"elementor-widget-wrap\">\n\t\t\t\t\t\t<div class=\"elementor-element elementor-element-b54612a elementor-widget elementor-widget-spacer\" data-id=\"b54612a\" data-element_type=\"widget\" data-widget_type=\"spacer.default\">\n\t\t\t\t<div class=\"elementor-widget-container\">\n\t\t\t\t\t<div class=\"elementor-spacer\">\n\t\t\t<div class=\"elementor-spacer-inner\"><\/div>\n\t\t<\/div>\n\t\t\t\t<\/div>\n\t\t\t\t<\/div>\n\t\t\t\t<div class=\"elementor-element elementor-element-c4ec66c elementor-widget elementor-widget-spacer\" data-id=\"c4ec66c\" data-element_type=\"widget\" data-widget_type=\"spacer.default\">\n\t\t\t\t<div class=\"elementor-widget-container\">\n\t\t\t\t\t<div class=\"elementor-spacer\">\n\t\t\t<div class=\"elementor-spacer-inner\"><\/div>\n\t\t<\/div>\n\t\t\t\t<\/div>\n\t\t\t\t<\/div>\n\t\t\t\t<div class=\"elementor-element elementor-element-fc172eb elementor-widget elementor-widget-text-editor\" data-id=\"fc172eb\" data-element_type=\"widget\" data-widget_type=\"text-editor.default\">\n\t\t\t\t<div class=\"elementor-widget-container\">\n\t\t\t\t\t<div class=\"elementor-text-editor elementor-clearfix\"><p>Mag. Ernestine Janich-B\u00f6hm, Steuerberaterin<\/p><\/div>\n\t\t\t\t<\/div>\n\t\t\t\t<\/div>\n\t\t\t\t<div class=\"elementor-element elementor-element-e109a3b elementor-widget elementor-widget-text-editor\" data-id=\"e109a3b\" data-element_type=\"widget\" data-widget_type=\"text-editor.default\">\n\t\t\t\t<div class=\"elementor-widget-container\">\n\t\t\t\t\t<div class=\"elementor-text-editor elementor-clearfix\"><p>Hauptstra\u00dfe 70b<\/p><p>A-2371 Hinterbr\u00fchl<\/p><p>Tel. +43 2236\/865829\/21<\/p><p>Fax: +43 2236\/865829\/10<\/p><p>e-mail: janich-boehm@2kanzleien.at<\/p><p>UID-Nummer: ATU69914408<\/p><p>Mitglied der Kammer der Steuerberater- und Wirtschaftspr\u00fcfer\/ WT-Code: 232408<\/p><p>\u00a0<\/p><p>Bankverbindung<\/p><p>Raika M\u00f6dling<\/p><p>IBAN: AT43 3225 0010 0073 1539<\/p><\/div>\n\t\t\t\t<\/div>\n\t\t\t\t<\/div>\n\t\t\t\t<div class=\"elementor-element elementor-element-e6a5130 elementor-widget elementor-widget-spacer\" data-id=\"e6a5130\" data-element_type=\"widget\" data-widget_type=\"spacer.default\">\n\t\t\t\t<div class=\"elementor-widget-container\">\n\t\t\t\t\t<div class=\"elementor-spacer\">\n\t\t\t<div class=\"elementor-spacer-inner\"><\/div>\n\t\t<\/div>\n\t\t\t\t<\/div>\n\t\t\t\t<\/div>\n\t\t\t\t\t\t<\/div>\n\t\t\t\t\t<\/div>\n\t\t<\/div>\n\t\t\t\t\t\t\t\t<\/div>\n\t\t\t\t\t<\/div>\n\t\t<\/section>\n\t\t\t\t<section class=\"elementor-section elementor-top-section elementor-element elementor-element-598646c elementor-section-content-middle elementor-section-stretched elementor-section-boxed elementor-section-height-default elementor-section-height-default\" data-id=\"598646c\" data-element_type=\"section\" data-settings=\"{&quot;stretch_section&quot;:&quot;section-stretched&quot;,&quot;background_background&quot;:&quot;classic&quot;}\">\n\t\t\t\t\t\t<div class=\"elementor-container elementor-column-gap-no\">\n\t\t\t\t\t\t\t<div class=\"elementor-row\">\n\t\t\t\t\t<div class=\"elementor-column elementor-col-100 elementor-top-column elementor-element elementor-element-fe5fd8b\" data-id=\"fe5fd8b\" data-element_type=\"column\">\n\t\t\t<div class=\"elementor-column-wrap elementor-element-populated\">\n\t\t\t\t\t\t\t<div class=\"elementor-widget-wrap\">\n\t\t\t\t\t\t<div class=\"elementor-element elementor-element-d1e2d79 elementor-widget elementor-widget-text-editor\" data-id=\"d1e2d79\" data-element_type=\"widget\" data-widget_type=\"text-editor.default\">\n\t\t\t\t<div class=\"elementor-widget-container\">\n\t\t\t\t\t<div class=\"elementor-text-editor elementor-clearfix\"><p>Hinweis:<\/p><\/div>\n\t\t\t\t<\/div>\n\t\t\t\t<\/div>\n\t\t\t\t<div class=\"elementor-element elementor-element-3172cfc elementor-widget elementor-widget-text-editor\" data-id=\"3172cfc\" data-element_type=\"widget\" data-widget_type=\"text-editor.default\">\n\t\t\t\t<div class=\"elementor-widget-container\">\n\t\t\t\t\t<div class=\"elementor-text-editor elementor-clearfix\"><p class=\"MsoNormal\"><span style=\"font-family: 'Open Sans', serif; font-size: 1rem;\">Die Inhalte dieser Webseiten werden mit gr\u00f6\u00dftm\u00f6glicher Sorgfalt recherchiert und implementiert. Fehler im Bearbeitungsvorgang sind dennoch nicht auszuschlie\u00dfen. Es wird daher keine Gew\u00e4hr f\u00fcr die Richtigkeit und Vollst\u00e4ndigkeit der angebotenen Informationen \u00fcbernommen.<\/span><\/p><p>\u00a0<\/p><p class=\"MsoNormal\"><span style=\"font-family: 'Open Sans',serif;\">Trotz sorgf\u00e4ltiger inhaltlicher Kontrolle \u00fcbernehmen wir keine Haftung f\u00fcr die Inhalte externer Links. F\u00fcr den Inhalt der verlinkten Seiten sind ausschlie\u00dflich deren Betreiber verantwortlich.<\/span><\/p><p class=\"MsoNormal\"><span style=\"font-family: 'Open Sans',serif;\">F\u00fcr den Fall, dass Verlinkungen durch fremde Internetseiten erfolgen, die einen rechtswidrigen Inhalt aufweisen oder sonst geeignet sein k\u00f6nnten, den Interessen oder dem Ansehen unseren Unternehmens schaden, werden rechtliche Schritte vorbehalten.<\/span><\/p><p class=\"MsoNormal\">\u00a0<\/p><p class=\"MsoNormal\"><span style=\"font-family: 'Open Sans',serif;\">S\u00e4mtliche Informationen, Dokumente, Artikel und Fotografien auf dieser Seite unterliegen dem Copyright und sind urheberrechtlich gesch\u00fctzt. Jegliche Weiterverwendung bedarf der ausdr\u00fccklichen Genehmigung. Alle Rechte bleiben vorbehalten.<\/span><\/p><\/div>\n\t\t\t\t<\/div>\n\t\t\t\t<\/div>\n\t\t\t\t\t\t<\/div>\n\t\t\t\t\t<\/div>\n\t\t<\/div>\n\t\t\t\t\t\t\t\t<\/div>\n\t\t\t\t\t<\/div>\n\t\t<\/section>\n\t\t\t\t\t\t<\/div>\n\t\t\t\t\t\t<\/div>\n\t\t\t\t\t<\/div>\n\t\t","protected":false},"excerpt":{"rendered":"<p>Mag. Erika-Bernhard Weindl, Bilanzbuchhalterin Hauptstra\u00dfe 70b A-2371 Hinterbr\u00fchl Tel.\/Fax: +43 2236\/865829\/21 e-mail: erika.bernhard@2kanzleien .at UID-Nummer: ATU59998444 Mitglied der Wirtschaftskammer \u00a0 Bankverbindungen Bank Austria IBAN: AT57 1200 0007 9502 3563 Raika M\u00f6dling IBAN: AT96 3225 0000 0110 8240 Mag. Ernestine Janich-B\u00f6hm, Steuerberaterin Hauptstra\u00dfe 70b A-2371 Hinterbr\u00fchl Tel. +43 2236\/865829\/21 Fax: +43&#8230;<\/p>\n","protected":false},"author":1,"featured_media":0,"parent":0,"menu_order":0,"comment_status":"closed","ping_status":"closed","template":"","meta":[],"_links":{"self":[{"href":"http:\/\/2kanzleien.at\/index.php?rest_route=\/wp\/v2\/pages\/148"}],"collection":[{"href":"http:\/\/2kanzleien.at\/index.php?rest_route=\/wp\/v2\/pages"}],"about":[{"href":"http:\/\/2kanzleien.at\/index.php?rest_route=\/wp\/v2\/types\/page"}],"author":[{"embeddable":true,"href":"http:\/\/2kanzleien.at\/index.php?rest_route=\/wp\/v2\/users\/1"}],"replies":[{"embeddable":true,"href":"http:\/\/2kanzleien.at\/index.php?rest_route=%2Fwp%2Fv2%2Fcomments&post=148"}],"version-history":[{"count":15,"href":"http:\/\/2kanzleien.at\/index.php?rest_route=\/wp\/v2\/pages\/148\/revisions"}],"predecessor-version":[{"id":358,"href":"http:\/\/2kanzleien.at\/index.php?rest_route=\/wp\/v2\/pages\/148\/revisions\/358"}],"wp:attachment":[{"href":"http:\/\/2kanzleien.at\/index.php?rest_route=%2Fwp%2Fv2%2Fmedia&parent=148"}],"curies":[{"name":"wp","href":"https:\/\/api.w.org\/{rel}","templated":true}]}}